{"id":3674,"date":"2023-07-06T12:59:52","date_gmt":"2023-07-06T12:59:52","guid":{"rendered":"https:\/\/peruskobogdanic.com\/happening-now\/"},"modified":"2023-07-06T14:11:33","modified_gmt":"2023-07-06T14:11:33","slug":"happening-now","status":"publish","type":"page","link":"https:\/\/peruskobogdanic.com\/en\/happening-now\/","title":{"rendered":"Happening now"},"content":{"rendered":"\t\t<div data-elementor-type=\"wp-page\" data-elementor-id=\"3674\" class=\"elementor elementor-3674 elementor-3614\" data-elementor-post-type=\"page\">\n\t\t\t\t\t\t<section class=\"elementor-section elementor-top-section elementor-element elementor-element-d3fd4c8 elementor-section-content-top elementor-section-full_width elementor-section-height-default elementor-section-height-default parallax_section_no qode_elementor_container_no elementor-invisible\" data-id=\"d3fd4c8\" data-element_type=\"section\" data-settings=\"{&quot;animation&quot;:&quot;fadeIn&quot;}\">\n\t\t\t\t\t\t<div class=\"elementor-container elementor-column-gap-default\">\n\t\t\t\t\t<div class=\"elementor-column elementor-col-100 elementor-top-column elementor-element elementor-element-f424ab3\" data-id=\"f424ab3\" data-element_type=\"column\">\n\t\t\t<div class=\"elementor-widget-wrap elementor-element-populated\">\n\t\t\t\t\t\t<div class=\"elementor-element elementor-element-35cf762 elementor-widget elementor-widget-heading\" data-id=\"35cf762\" data-element_type=\"widget\" data-widget_type=\"heading.default\">\n\t\t\t\t<div class=\"elementor-widget-container\">\n\t\t\t\t\t<h1 class=\"elementor-heading-title elementor-size-default\">Happening now<\/h1>\t\t\t\t<\/div>\n\t\t\t\t<\/div>\n\t\t\t\t\t<\/div>\n\t\t<\/div>\n\t\t\t\t\t<\/div>\n\t\t<\/section>\n\t\t\t\t<section class=\"elementor-section elementor-top-section elementor-element elementor-element-f4bdf2b elementor-section-content-top elementor-section-full_width elementor-section-height-default elementor-section-height-default parallax_section_no qode_elementor_container_no elementor-invisible\" data-id=\"f4bdf2b\" data-element_type=\"section\" data-settings=\"{&quot;animation&quot;:&quot;fadeIn&quot;}\">\n\t\t\t\t\t\t<div class=\"elementor-container elementor-column-gap-default\">\n\t\t\t\t\t<div class=\"elementor-column elementor-col-100 elementor-top-column elementor-element elementor-element-0e44a14\" data-id=\"0e44a14\" data-element_type=\"column\">\n\t\t\t<div class=\"elementor-widget-wrap elementor-element-populated\">\n\t\t\t\t\t\t<div class=\"elementor-element elementor-element-9ecb5d4 elementor-grid-3 elementor-grid-tablet-2 elementor-grid-mobile-1 elementor-posts--thumbnail-top elementor-widget elementor-widget-posts\" data-id=\"9ecb5d4\" data-element_type=\"widget\" data-settings=\"{&quot;classic_masonry&quot;:&quot;yes&quot;,&quot;classic_columns&quot;:&quot;3&quot;,&quot;classic_columns_tablet&quot;:&quot;2&quot;,&quot;classic_columns_mobile&quot;:&quot;1&quot;,&quot;classic_row_gap&quot;:{&quot;unit&quot;:&quot;px&quot;,&quot;size&quot;:35,&quot;sizes&quot;:[]},&quot;classic_row_gap_tablet&quot;:{&quot;unit&quot;:&quot;px&quot;,&quot;size&quot;:&quot;&quot;,&quot;sizes&quot;:[]},&quot;classic_row_gap_mobile&quot;:{&quot;unit&quot;:&quot;px&quot;,&quot;size&quot;:&quot;&quot;,&quot;sizes&quot;:[]}}\" data-widget_type=\"posts.classic\">\n\t\t\t\t<div class=\"elementor-widget-container\">\n\t\t\t\t\t\t\t<div class=\"elementor-posts-container elementor-posts elementor-posts--skin-classic elementor-grid\" role=\"list\">\n\t\t\t\t<article class=\"elementor-post elementor-grid-item post-3673 post type-post status-publish format-standard has-post-thumbnail hentry category-happening-now tag-exhibition tag-mediterranean-signs tag-perusko-bogdanic-en tag-stari-grad-museum\" role=\"listitem\">\n\t\t\t\t<a class=\"elementor-post__thumbnail__link\" href=\"https:\/\/peruskobogdanic.com\/en\/happening-now\/mediterranean-signs\/\" tabindex=\"-1\" >\n\t\t\t<div class=\"elementor-post__thumbnail\"><img fetchpriority=\"high\" decoding=\"async\" width=\"1344\" height=\"1920\" src=\"https:\/\/peruskobogdanic.com\/wp-content\/uploads\/2023\/07\/Mediteranski-bilizi-2023_bogdanic.jpg\" class=\"attachment-full size-full wp-image-3562\" alt=\"Mediteranski-bilizi-2023_bogdanic\" srcset=\"https:\/\/peruskobogdanic.com\/wp-content\/uploads\/2023\/07\/Mediteranski-bilizi-2023_bogdanic.jpg 1344w, https:\/\/peruskobogdanic.com\/wp-content\/uploads\/2023\/07\/Mediteranski-bilizi-2023_bogdanic-210x300.jpg 210w, https:\/\/peruskobogdanic.com\/wp-content\/uploads\/2023\/07\/Mediteranski-bilizi-2023_bogdanic-717x1024.jpg 717w, https:\/\/peruskobogdanic.com\/wp-content\/uploads\/2023\/07\/Mediteranski-bilizi-2023_bogdanic-768x1097.jpg 768w, https:\/\/peruskobogdanic.com\/wp-content\/uploads\/2023\/07\/Mediteranski-bilizi-2023_bogdanic-1075x1536.jpg 1075w, https:\/\/peruskobogdanic.com\/wp-content\/uploads\/2023\/07\/Mediteranski-bilizi-2023_bogdanic-700x1000.jpg 700w\" sizes=\"(max-width: 1344px) 100vw, 1344px\" \/><\/div>\n\t\t<\/a>\n\t\t\t\t<div class=\"elementor-post__text\">\n\t\t\t\t<h3 class=\"elementor-post__title\">\n\t\t\t<a href=\"https:\/\/peruskobogdanic.com\/en\/happening-now\/mediterranean-signs\/\" >\n\t\t\t\tMediterranean Signs\t\t\t<\/a>\n\t\t<\/h3>\n\t\t\n\t\t<a class=\"elementor-post__read-more\" href=\"https:\/\/peruskobogdanic.com\/en\/happening-now\/mediterranean-signs\/\" aria-label=\"Read more about Mediterranean Signs\" tabindex=\"-1\" >\n\t\t\tRead more \u00bb\t\t<\/a>\n\n\t\t\t\t<\/div>\n\t\t\t\t<\/article>\n\t\t\t\t<\/div>\n\t\t\n\t\t\t\t\t\t<\/div>\n\t\t\t\t<\/div>\n\t\t\t\t\t<\/div>\n\t\t<\/div>\n\t\t\t\t\t<\/div>\n\t\t<\/section>\n\t\t\t\t<\/div>\n\t\t","protected":false},"excerpt":{"rendered":"<p>Happening now<\/p>\n","protected":false},"author":1,"featured_media":2910,"parent":0,"menu_order":0,"comment_status":"closed","ping_status":"closed","template":"elementor_header_footer","meta":{"footnotes":""},"class_list":["post-3674","page","type-page","status-publish","has-post-thumbnail","hentry"],"yoast_head":"<!-- This site is optimized with the Yoast SEO plugin v26.2 - https:\/\/yoast.com\/wordpress\/plugins\/seo\/ -->\n<title>Happening now - Peru\u0161ko Bogdani\u0107<\/title>\n<meta name=\"description\" content=\"Current news and updates. Follow us and be informed in time about what is current in the life of the sculptor Peru\u0161ko Bogdani\u0107.\" \/>\n<meta name=\"robots\" content=\"index, follow, max-snippet:-1, max-image-preview:large, max-video-preview:-1\" \/>\n<link rel=\"canonical\" href=\"https:\/\/peruskobogdanic.com\/en\/happening-now\/\" \/>\n<meta property=\"og:locale\" content=\"en_US\" \/>\n<meta property=\"og:type\" content=\"article\" \/>\n<meta property=\"og:title\" content=\"Happening now - Peru\u0161ko Bogdani\u0107\" \/>\n<meta property=\"og:description\" content=\"Current news and updates. Follow us and be informed in time about what is current in the life of the sculptor Peru\u0161ko Bogdani\u0107.\" \/>\n<meta property=\"og:url\" content=\"https:\/\/peruskobogdanic.com\/en\/happening-now\/\" \/>\n<meta property=\"og:site_name\" content=\"Peru\u0161ko Bogdani\u0107\" \/>\n<meta property=\"article:modified_time\" content=\"2023-07-06T14:11:33+00:00\" \/>\n<meta property=\"og:image\" content=\"https:\/\/peruskobogdanic.com\/wp-content\/uploads\/2022\/05\/Umjetnik-kod-Mestrovica-Perusko-Bogdanic-Iz-Mediterana-28.jpg\" \/>\n\t<meta property=\"og:image:width\" content=\"1100\" \/>\n\t<meta property=\"og:image:height\" content=\"825\" \/>\n\t<meta property=\"og:image:type\" content=\"image\/jpeg\" \/>\n<meta name=\"twitter:card\" content=\"summary_large_image\" \/>\n<script type=\"application\/ld+json\" class=\"yoast-schema-graph\">{\"@context\":\"https:\/\/schema.org\",\"@graph\":[{\"@type\":\"WebPage\",\"@id\":\"https:\/\/peruskobogdanic.com\/en\/happening-now\/\",\"url\":\"https:\/\/peruskobogdanic.com\/en\/happening-now\/\",\"name\":\"Happening now - Peru\u0161ko Bogdani\u0107\",\"isPartOf\":{\"@id\":\"https:\/\/peruskobogdanic.com\/en\/#website\"},\"primaryImageOfPage\":{\"@id\":\"https:\/\/peruskobogdanic.com\/en\/happening-now\/#primaryimage\"},\"image\":{\"@id\":\"https:\/\/peruskobogdanic.com\/en\/happening-now\/#primaryimage\"},\"thumbnailUrl\":\"https:\/\/peruskobogdanic.com\/wp-content\/uploads\/2022\/05\/Umjetnik-kod-Mestrovica-Perusko-Bogdanic-Iz-Mediterana-28.jpg\",\"datePublished\":\"2023-07-06T12:59:52+00:00\",\"dateModified\":\"2023-07-06T14:11:33+00:00\",\"description\":\"Current news and updates. Follow us and be informed in time about what is current in the life of the sculptor Peru\u0161ko Bogdani\u0107.\",\"breadcrumb\":{\"@id\":\"https:\/\/peruskobogdanic.com\/en\/happening-now\/#breadcrumb\"},\"inLanguage\":\"en-US\",\"potentialAction\":[{\"@type\":\"ReadAction\",\"target\":[\"https:\/\/peruskobogdanic.com\/en\/happening-now\/\"]}]},{\"@type\":\"ImageObject\",\"inLanguage\":\"en-US\",\"@id\":\"https:\/\/peruskobogdanic.com\/en\/happening-now\/#primaryimage\",\"url\":\"https:\/\/peruskobogdanic.com\/wp-content\/uploads\/2022\/05\/Umjetnik-kod-Mestrovica-Perusko-Bogdanic-Iz-Mediterana-28.jpg\",\"contentUrl\":\"https:\/\/peruskobogdanic.com\/wp-content\/uploads\/2022\/05\/Umjetnik-kod-Mestrovica-Perusko-Bogdanic-Iz-Mediterana-28.jpg\",\"width\":1100,\"height\":825,\"caption\":\"Aktualno Umjetnik kod Me\u0161trovi\u0107a, Peru\u0161ko Bogdani\u0107, Iz Mediterana 28\"},{\"@type\":\"BreadcrumbList\",\"@id\":\"https:\/\/peruskobogdanic.com\/en\/happening-now\/#breadcrumb\",\"itemListElement\":[{\"@type\":\"ListItem\",\"position\":1,\"name\":\"Po\u010detna stranica\",\"item\":\"https:\/\/peruskobogdanic.com\/en\/home\/\"},{\"@type\":\"ListItem\",\"position\":2,\"name\":\"Happening now\"}]},{\"@type\":\"WebSite\",\"@id\":\"https:\/\/peruskobogdanic.com\/en\/#website\",\"url\":\"https:\/\/peruskobogdanic.com\/en\/\",\"name\":\"Peru\u0161ko Bogdani\u0107\",\"description\":\"Kip kao \u010din sabranosti\",\"publisher\":{\"@id\":\"https:\/\/peruskobogdanic.com\/en\/#\/schema\/person\/9ef3ab183767062877a72c9c76314980\"},\"potentialAction\":[{\"@type\":\"SearchAction\",\"target\":{\"@type\":\"EntryPoint\",\"urlTemplate\":\"https:\/\/peruskobogdanic.com\/en\/?s={search_term_string}\"},\"query-input\":{\"@type\":\"PropertyValueSpecification\",\"valueRequired\":true,\"valueName\":\"search_term_string\"}}],\"inLanguage\":\"en-US\"},{\"@type\":[\"Person\",\"Organization\"],\"@id\":\"https:\/\/peruskobogdanic.com\/en\/#\/schema\/person\/9ef3ab183767062877a72c9c76314980\",\"name\":\"Peru\u0161ko Bogdani\u0107\",\"image\":{\"@type\":\"ImageObject\",\"inLanguage\":\"en-US\",\"@id\":\"https:\/\/peruskobogdanic.com\/en\/#\/schema\/person\/image\/\",\"url\":\"https:\/\/peruskobogdanic.com\/wp-content\/uploads\/2022\/05\/Perusko-Bogdanic-u-atelijeru-Zagreb-1980.jpg\",\"contentUrl\":\"https:\/\/peruskobogdanic.com\/wp-content\/uploads\/2022\/05\/Perusko-Bogdanic-u-atelijeru-Zagreb-1980.jpg\",\"width\":913,\"height\":591,\"caption\":\"Peru\u0161ko Bogdani\u0107\"},\"logo\":{\"@id\":\"https:\/\/peruskobogdanic.com\/en\/#\/schema\/person\/image\/\"},\"sameAs\":[\"https:\/\/peruskobogdanic.com\/\"]}]}<\/script>\n<!-- \/ Yoast SEO plugin. -->","yoast_head_json":{"title":"Happening now - Peru\u0161ko Bogdani\u0107","description":"Current news and updates. Follow us and be informed in time about what is current in the life of the sculptor Peru\u0161ko Bogdani\u0107.","robots":{"index":"index","follow":"follow","max-snippet":"max-snippet:-1","max-image-preview":"max-image-preview:large","max-video-preview":"max-video-preview:-1"},"canonical":"https:\/\/peruskobogdanic.com\/en\/happening-now\/","og_locale":"en_US","og_type":"article","og_title":"Happening now - Peru\u0161ko Bogdani\u0107","og_description":"Current news and updates. Follow us and be informed in time about what is current in the life of the sculptor Peru\u0161ko Bogdani\u0107.","og_url":"https:\/\/peruskobogdanic.com\/en\/happening-now\/","og_site_name":"Peru\u0161ko Bogdani\u0107","article_modified_time":"2023-07-06T14:11:33+00:00","og_image":[{"width":1100,"height":825,"url":"https:\/\/peruskobogdanic.com\/wp-content\/uploads\/2022\/05\/Umjetnik-kod-Mestrovica-Perusko-Bogdanic-Iz-Mediterana-28.jpg","type":"image\/jpeg"}],"twitter_card":"summary_large_image","schema":{"@context":"https:\/\/schema.org","@graph":[{"@type":"WebPage","@id":"https:\/\/peruskobogdanic.com\/en\/happening-now\/","url":"https:\/\/peruskobogdanic.com\/en\/happening-now\/","name":"Happening now - Peru\u0161ko Bogdani\u0107","isPartOf":{"@id":"https:\/\/peruskobogdanic.com\/en\/#website"},"primaryImageOfPage":{"@id":"https:\/\/peruskobogdanic.com\/en\/happening-now\/#primaryimage"},"image":{"@id":"https:\/\/peruskobogdanic.com\/en\/happening-now\/#primaryimage"},"thumbnailUrl":"https:\/\/peruskobogdanic.com\/wp-content\/uploads\/2022\/05\/Umjetnik-kod-Mestrovica-Perusko-Bogdanic-Iz-Mediterana-28.jpg","datePublished":"2023-07-06T12:59:52+00:00","dateModified":"2023-07-06T14:11:33+00:00","description":"Current news and updates. Follow us and be informed in time about what is current in the life of the sculptor Peru\u0161ko Bogdani\u0107.","breadcrumb":{"@id":"https:\/\/peruskobogdanic.com\/en\/happening-now\/#breadcrumb"},"inLanguage":"en-US","potentialAction":[{"@type":"ReadAction","target":["https:\/\/peruskobogdanic.com\/en\/happening-now\/"]}]},{"@type":"ImageObject","inLanguage":"en-US","@id":"https:\/\/peruskobogdanic.com\/en\/happening-now\/#primaryimage","url":"https:\/\/peruskobogdanic.com\/wp-content\/uploads\/2022\/05\/Umjetnik-kod-Mestrovica-Perusko-Bogdanic-Iz-Mediterana-28.jpg","contentUrl":"https:\/\/peruskobogdanic.com\/wp-content\/uploads\/2022\/05\/Umjetnik-kod-Mestrovica-Perusko-Bogdanic-Iz-Mediterana-28.jpg","width":1100,"height":825,"caption":"Aktualno Umjetnik kod Me\u0161trovi\u0107a, Peru\u0161ko Bogdani\u0107, Iz Mediterana 28"},{"@type":"BreadcrumbList","@id":"https:\/\/peruskobogdanic.com\/en\/happening-now\/#breadcrumb","itemListElement":[{"@type":"ListItem","position":1,"name":"Po\u010detna stranica","item":"https:\/\/peruskobogdanic.com\/en\/home\/"},{"@type":"ListItem","position":2,"name":"Happening now"}]},{"@type":"WebSite","@id":"https:\/\/peruskobogdanic.com\/en\/#website","url":"https:\/\/peruskobogdanic.com\/en\/","name":"Peru\u0161ko Bogdani\u0107","description":"Kip kao \u010din sabranosti","publisher":{"@id":"https:\/\/peruskobogdanic.com\/en\/#\/schema\/person\/9ef3ab183767062877a72c9c76314980"},"potentialAction":[{"@type":"SearchAction","target":{"@type":"EntryPoint","urlTemplate":"https:\/\/peruskobogdanic.com\/en\/?s={search_term_string}"},"query-input":{"@type":"PropertyValueSpecification","valueRequired":true,"valueName":"search_term_string"}}],"inLanguage":"en-US"},{"@type":["Person","Organization"],"@id":"https:\/\/peruskobogdanic.com\/en\/#\/schema\/person\/9ef3ab183767062877a72c9c76314980","name":"Peru\u0161ko Bogdani\u0107","image":{"@type":"ImageObject","inLanguage":"en-US","@id":"https:\/\/peruskobogdanic.com\/en\/#\/schema\/person\/image\/","url":"https:\/\/peruskobogdanic.com\/wp-content\/uploads\/2022\/05\/Perusko-Bogdanic-u-atelijeru-Zagreb-1980.jpg","contentUrl":"https:\/\/peruskobogdanic.com\/wp-content\/uploads\/2022\/05\/Perusko-Bogdanic-u-atelijeru-Zagreb-1980.jpg","width":913,"height":591,"caption":"Peru\u0161ko Bogdani\u0107"},"logo":{"@id":"https:\/\/peruskobogdanic.com\/en\/#\/schema\/person\/image\/"},"sameAs":["https:\/\/peruskobogdanic.com\/"]}]}},"_links":{"self":[{"href":"https:\/\/peruskobogdanic.com\/en\/wp-json\/wp\/v2\/pages\/3674","targetHints":{"allow":["GET"]}}],"collection":[{"href":"https:\/\/peruskobogdanic.com\/en\/wp-json\/wp\/v2\/pages"}],"about":[{"href":"https:\/\/peruskobogdanic.com\/en\/wp-json\/wp\/v2\/types\/page"}],"author":[{"embeddable":true,"href":"https:\/\/peruskobogdanic.com\/en\/wp-json\/wp\/v2\/users\/1"}],"replies":[{"embeddable":true,"href":"https:\/\/peruskobogdanic.com\/en\/wp-json\/wp\/v2\/comments?post=3674"}],"version-history":[{"count":3,"href":"https:\/\/peruskobogdanic.com\/en\/wp-json\/wp\/v2\/pages\/3674\/revisions"}],"predecessor-version":[{"id":3684,"href":"https:\/\/peruskobogdanic.com\/en\/wp-json\/wp\/v2\/pages\/3674\/revisions\/3684"}],"wp:featuredmedia":[{"embeddable":true,"href":"https:\/\/peruskobogdanic.com\/en\/wp-json\/wp\/v2\/media\/2910"}],"wp:attachment":[{"href":"https:\/\/peruskobogdanic.com\/en\/wp-json\/wp\/v2\/media?parent=3674"}],"curies":[{"name":"wp","href":"https:\/\/api.w.org\/{rel}","templated":true}]}}