{"id":2985,"date":"2022-05-21T13:32:32","date_gmt":"2022-05-21T13:32:32","guid":{"rendered":"https:\/\/peruskobogdanic.com\/gallery-on-bankete-hvar-1976\/"},"modified":"2022-11-14T09:45:36","modified_gmt":"2022-11-14T09:45:36","slug":"gallery-on-bankete-hvar-1976","status":"publish","type":"page","link":"https:\/\/peruskobogdanic.com\/en\/gallery-on-bankete-hvar-1976\/","title":{"rendered":"Gallery on Bankete, Hvar, 1976"},"content":{"rendered":"\t\t<div data-elementor-type=\"wp-page\" data-elementor-id=\"2985\" class=\"elementor elementor-2985 elementor-1691\" data-elementor-post-type=\"page\">\n\t\t\t\t\t\t<section class=\"elementor-section elementor-top-section elementor-element elementor-element-ff5f5e9 elementor-section-content-top elementor-section-boxed elementor-section-height-default elementor-section-height-default parallax_section_no qode_elementor_container_no\" data-id=\"ff5f5e9\" data-element_type=\"section\">\n\t\t\t\t\t\t<div class=\"elementor-container elementor-column-gap-default\">\n\t\t\t\t\t<div class=\"elementor-column elementor-col-50 elementor-top-column elementor-element elementor-element-fc586b9 animated-slow\" data-id=\"fc586b9\" data-element_type=\"column\" data-settings=\"{&quot;animation&quot;:&quot;none&quot;}\">\n\t\t\t<div class=\"elementor-widget-wrap elementor-element-populated\">\n\t\t\t\t\t\t<div class=\"elementor-element elementor-element-423385f animated-slow elementor-widget elementor-widget-button\" data-id=\"423385f\" data-element_type=\"widget\" data-settings=\"{&quot;sticky&quot;:&quot;top&quot;,&quot;sticky_offset&quot;:50,&quot;sticky_parent&quot;:&quot;yes&quot;,&quot;_animation&quot;:&quot;none&quot;,&quot;sticky_on&quot;:[&quot;desktop&quot;,&quot;tablet&quot;,&quot;mobile&quot;],&quot;sticky_effects_offset&quot;:0,&quot;sticky_anchor_link_offset&quot;:0}\" data-widget_type=\"button.default\">\n\t\t\t\t<div class=\"elementor-widget-container\">\n\t\t\t\t\t\t\t\t\t<div class=\"elementor-button-wrapper\">\n\t\t\t\t\t<a class=\"elementor-button elementor-button-link elementor-size-sm elementor-animation-shrink\" href=\"https:\/\/peruskobogdanic.com\/en\/exhibitions\/\">\n\t\t\t\t\t\t<span class=\"elementor-button-content-wrapper\">\n\t\t\t\t\t\t<span class=\"elementor-button-icon\">\n\t\t\t\t<i aria-hidden=\"true\" class=\"fas fa-long-arrow-alt-left\"><\/i>\t\t\t<\/span>\n\t\t\t\t\t\t\t\t\t<span class=\"elementor-button-text\">Back to Exhibitions<\/span>\n\t\t\t\t\t<\/span>\n\t\t\t\t\t<\/a>\n\t\t\t\t<\/div>\n\t\t\t\t\t\t\t\t<\/div>\n\t\t\t\t<\/div>\n\t\t\t\t\t<\/div>\n\t\t<\/div>\n\t\t\t\t<div class=\"elementor-column elementor-col-50 elementor-top-column elementor-element elementor-element-e7216a1 elementor-invisible\" data-id=\"e7216a1\" data-element_type=\"column\" data-settings=\"{&quot;animation&quot;:&quot;fadeInUp&quot;}\">\n\t\t\t<div class=\"elementor-widget-wrap elementor-element-populated\">\n\t\t\t\t\t\t<div class=\"elementor-element elementor-element-147fb8c elementor-widget elementor-widget-heading\" data-id=\"147fb8c\" data-element_type=\"widget\" data-widget_type=\"heading.default\">\n\t\t\t\t<div class=\"elementor-widget-container\">\n\t\t\t\t\t<h1 class=\"elementor-heading-title elementor-size-default\">Gallery on Bankete, Hvar, 1976<\/h1>\t\t\t\t<\/div>\n\t\t\t\t<\/div>\n\t\t\t\t<div class=\"elementor-element elementor-element-845255c elementor-widget elementor-widget-text-editor\" data-id=\"845255c\" data-element_type=\"widget\" data-widget_type=\"text-editor.default\">\n\t\t\t\t<div class=\"elementor-widget-container\">\n\t\t\t\t\t\t\t\t\t<p>Together with Igor Ron\u010devi\u0107, Kuzmo Kova\u010di\u0107.<\/p>\n\t\t\t\t\t\t\t\t<\/div>\n\t\t\t\t<\/div>\n\t\t\t\t<div class=\"elementor-element elementor-element-153be8c elementor-widget elementor-widget-image\" data-id=\"153be8c\" data-element_type=\"widget\" data-widget_type=\"image.default\">\n\t\t\t\t<div class=\"elementor-widget-container\">\n\t\t\t\t\t\t\t\t\t\t\t\t<figure class=\"wp-caption\">\n\t\t\t\t\t\t\t\t\t\t<img fetchpriority=\"high\" decoding=\"async\" width=\"939\" height=\"579\" src=\"https:\/\/peruskobogdanic.com\/wp-content\/uploads\/2022\/05\/Galerija-na-Bankete-1976.jpg\" class=\"attachment-full size-full wp-image-2817\" alt=\"\" srcset=\"https:\/\/peruskobogdanic.com\/wp-content\/uploads\/2022\/05\/Galerija-na-Bankete-1976.jpg 939w, https:\/\/peruskobogdanic.com\/wp-content\/uploads\/2022\/05\/Galerija-na-Bankete-1976-300x185.jpg 300w, https:\/\/peruskobogdanic.com\/wp-content\/uploads\/2022\/05\/Galerija-na-Bankete-1976-768x474.jpg 768w, https:\/\/peruskobogdanic.com\/wp-content\/uploads\/2022\/05\/Galerija-na-Bankete-1976-700x432.jpg 700w\" sizes=\"(max-width: 939px) 100vw, 939px\" \/>\t\t\t\t\t\t\t\t\t\t\t<figcaption class=\"widget-image-caption wp-caption-text\">From the opening of the Dalibor Para\u010d exhibition, Gallery on Bankete, Hvar, 1976<\/figcaption>\n\t\t\t\t\t\t\t\t\t\t<\/figure>\n\t\t\t\t\t\t\t\t\t<\/div>\n\t\t\t\t<\/div>\n\t\t\t\t<div class=\"elementor-element elementor-element-d7dacf3 elementor-widget elementor-widget-image\" data-id=\"d7dacf3\" data-element_type=\"widget\" data-widget_type=\"image.default\">\n\t\t\t\t<div class=\"elementor-widget-container\">\n\t\t\t\t\t\t\t\t\t\t\t\t<figure class=\"wp-caption\">\n\t\t\t\t\t\t\t\t\t\t<img decoding=\"async\" width=\"651\" height=\"838\" src=\"https:\/\/peruskobogdanic.com\/wp-content\/uploads\/2022\/05\/Galerija-na-Bankete-1976-3.jpg\" class=\"attachment-full size-full wp-image-2832\" alt=\"\" srcset=\"https:\/\/peruskobogdanic.com\/wp-content\/uploads\/2022\/05\/Galerija-na-Bankete-1976-3.jpg 651w, https:\/\/peruskobogdanic.com\/wp-content\/uploads\/2022\/05\/Galerija-na-Bankete-1976-3-233x300.jpg 233w\" sizes=\"(max-width: 651px) 100vw, 651px\" \/>\t\t\t\t\t\t\t\t\t\t\t<figcaption class=\"widget-image-caption wp-caption-text\">Igor Ron\u010devi\u0107, Kuzma Kova\u010di\u0107, Peru\u0161ko Bogdani\u0107<\/figcaption>\n\t\t\t\t\t\t\t\t\t\t<\/figure>\n\t\t\t\t\t\t\t\t\t<\/div>\n\t\t\t\t<\/div>\n\t\t\t\t<div class=\"elementor-element elementor-element-805d9f3 elementor-widget elementor-widget-image\" data-id=\"805d9f3\" data-element_type=\"widget\" data-widget_type=\"image.default\">\n\t\t\t\t<div class=\"elementor-widget-container\">\n\t\t\t\t\t\t\t\t\t\t\t\t<figure class=\"wp-caption\">\n\t\t\t\t\t\t\t\t\t\t<img decoding=\"async\" width=\"874\" height=\"598\" src=\"https:\/\/peruskobogdanic.com\/wp-content\/uploads\/2022\/05\/Galerija-na-Bankete-1976-2.jpg\" class=\"attachment-full size-full wp-image-2830\" alt=\"\" srcset=\"https:\/\/peruskobogdanic.com\/wp-content\/uploads\/2022\/05\/Galerija-na-Bankete-1976-2.jpg 874w, https:\/\/peruskobogdanic.com\/wp-content\/uploads\/2022\/05\/Galerija-na-Bankete-1976-2-300x205.jpg 300w, https:\/\/peruskobogdanic.com\/wp-content\/uploads\/2022\/05\/Galerija-na-Bankete-1976-2-768x525.jpg 768w, https:\/\/peruskobogdanic.com\/wp-content\/uploads\/2022\/05\/Galerija-na-Bankete-1976-2-700x479.jpg 700w\" sizes=\"(max-width: 874px) 100vw, 874px\" \/>\t\t\t\t\t\t\t\t\t\t\t<figcaption class=\"widget-image-caption wp-caption-text\">From the opening of the Ante Kuduza exhibition, Gallery on Bankete, Hvar, 1976<\/figcaption>\n\t\t\t\t\t\t\t\t\t\t<\/figure>\n\t\t\t\t\t\t\t\t\t<\/div>\n\t\t\t\t<\/div>\n\t\t\t\t\t<\/div>\n\t\t<\/div>\n\t\t\t\t\t<\/div>\n\t\t<\/section>\n\t\t\t\t<\/div>\n\t\t","protected":false},"excerpt":{"rendered":"<p>Back to Exhibitions Gallery on Bankete, Hvar, 1976 Together with Igor Ron\u010devi\u0107, Kuzmo Kova\u010di\u0107. From the opening of the Dalibor Para\u010d exhibition, Gallery on Bankete, Hvar, 1976 Igor Ron\u010devi\u0107, Kuzma Kova\u010di\u0107, Peru\u0161ko Bogdani\u0107 From the opening of the Ante Kuduza exhibition, Gallery on Bankete, Hvar,&#8230;<\/p>\n","protected":false},"author":1,"featured_media":2817,"parent":0,"menu_order":0,"comment_status":"closed","ping_status":"closed","template":"elementor_header_footer","meta":{"footnotes":""},"class_list":["post-2985","page","type-page","status-publish","has-post-thumbnail","hentry"],"yoast_head":"<!-- This site is optimized with the Yoast SEO plugin v26.2 - https:\/\/yoast.com\/wordpress\/plugins\/seo\/ -->\n<title>Gallery on Bankete, Hvar, 1976 - Peru\u0161ko Bogdani\u0107<\/title>\n<meta name=\"robots\" content=\"index, follow, max-snippet:-1, max-image-preview:large, max-video-preview:-1\" \/>\n<link rel=\"canonical\" href=\"https:\/\/peruskobogdanic.com\/en\/gallery-on-bankete-hvar-1976\/\" \/>\n<meta property=\"og:locale\" content=\"en_US\" \/>\n<meta property=\"og:type\" content=\"article\" \/>\n<meta property=\"og:title\" content=\"Gallery on Bankete, Hvar, 1976 - Peru\u0161ko Bogdani\u0107\" \/>\n<meta property=\"og:description\" content=\"Back to Exhibitions Gallery on Bankete, Hvar, 1976 Together with Igor Ron\u010devi\u0107, Kuzmo Kova\u010di\u0107. From the opening of the Dalibor Para\u010d exhibition, Gallery on Bankete, Hvar, 1976 Igor Ron\u010devi\u0107, Kuzma Kova\u010di\u0107, Peru\u0161ko Bogdani\u0107 From the opening of the Ante Kuduza exhibition, Gallery on Bankete, Hvar,...\" \/>\n<meta property=\"og:url\" content=\"https:\/\/peruskobogdanic.com\/en\/gallery-on-bankete-hvar-1976\/\" \/>\n<meta property=\"og:site_name\" content=\"Peru\u0161ko Bogdani\u0107\" \/>\n<meta property=\"article:modified_time\" content=\"2022-11-14T09:45:36+00:00\" \/>\n<meta property=\"og:image\" content=\"https:\/\/peruskobogdanic.com\/wp-content\/uploads\/2022\/05\/Galerija-na-Bankete-1976.jpg\" \/>\n\t<meta property=\"og:image:width\" content=\"939\" \/>\n\t<meta property=\"og:image:height\" content=\"579\" \/>\n\t<meta property=\"og:image:type\" content=\"image\/jpeg\" \/>\n<meta name=\"twitter:card\" content=\"summary_large_image\" \/>\n<meta name=\"twitter:label1\" content=\"Est. reading time\" \/>\n\t<meta name=\"twitter:data1\" content=\"1 minute\" \/>\n<script type=\"application\/ld+json\" class=\"yoast-schema-graph\">{\"@context\":\"https:\/\/schema.org\",\"@graph\":[{\"@type\":\"WebPage\",\"@id\":\"https:\/\/peruskobogdanic.com\/en\/gallery-on-bankete-hvar-1976\/\",\"url\":\"https:\/\/peruskobogdanic.com\/en\/gallery-on-bankete-hvar-1976\/\",\"name\":\"Gallery on Bankete, Hvar, 1976 - Peru\u0161ko Bogdani\u0107\",\"isPartOf\":{\"@id\":\"https:\/\/peruskobogdanic.com\/en\/#website\"},\"primaryImageOfPage\":{\"@id\":\"https:\/\/peruskobogdanic.com\/en\/gallery-on-bankete-hvar-1976\/#primaryimage\"},\"image\":{\"@id\":\"https:\/\/peruskobogdanic.com\/en\/gallery-on-bankete-hvar-1976\/#primaryimage\"},\"thumbnailUrl\":\"https:\/\/peruskobogdanic.com\/wp-content\/uploads\/2022\/05\/Galerija-na-Bankete-1976.jpg\",\"datePublished\":\"2022-05-21T13:32:32+00:00\",\"dateModified\":\"2022-11-14T09:45:36+00:00\",\"breadcrumb\":{\"@id\":\"https:\/\/peruskobogdanic.com\/en\/gallery-on-bankete-hvar-1976\/#breadcrumb\"},\"inLanguage\":\"en-US\",\"potentialAction\":[{\"@type\":\"ReadAction\",\"target\":[\"https:\/\/peruskobogdanic.com\/en\/gallery-on-bankete-hvar-1976\/\"]}]},{\"@type\":\"ImageObject\",\"inLanguage\":\"en-US\",\"@id\":\"https:\/\/peruskobogdanic.com\/en\/gallery-on-bankete-hvar-1976\/#primaryimage\",\"url\":\"https:\/\/peruskobogdanic.com\/wp-content\/uploads\/2022\/05\/Galerija-na-Bankete-1976.jpg\",\"contentUrl\":\"https:\/\/peruskobogdanic.com\/wp-content\/uploads\/2022\/05\/Galerija-na-Bankete-1976.jpg\",\"width\":939,\"height\":579},{\"@type\":\"BreadcrumbList\",\"@id\":\"https:\/\/peruskobogdanic.com\/en\/gallery-on-bankete-hvar-1976\/#breadcrumb\",\"itemListElement\":[{\"@type\":\"ListItem\",\"position\":1,\"name\":\"Po\u010detna stranica\",\"item\":\"https:\/\/peruskobogdanic.com\/en\/home\/\"},{\"@type\":\"ListItem\",\"position\":2,\"name\":\"Gallery on Bankete, Hvar, 1976\"}]},{\"@type\":\"WebSite\",\"@id\":\"https:\/\/peruskobogdanic.com\/en\/#website\",\"url\":\"https:\/\/peruskobogdanic.com\/en\/\",\"name\":\"Peru\u0161ko Bogdani\u0107\",\"description\":\"Kip kao \u010din sabranosti\",\"publisher\":{\"@id\":\"https:\/\/peruskobogdanic.com\/en\/#\/schema\/person\/9ef3ab183767062877a72c9c76314980\"},\"potentialAction\":[{\"@type\":\"SearchAction\",\"target\":{\"@type\":\"EntryPoint\",\"urlTemplate\":\"https:\/\/peruskobogdanic.com\/en\/?s={search_term_string}\"},\"query-input\":{\"@type\":\"PropertyValueSpecification\",\"valueRequired\":true,\"valueName\":\"search_term_string\"}}],\"inLanguage\":\"en-US\"},{\"@type\":[\"Person\",\"Organization\"],\"@id\":\"https:\/\/peruskobogdanic.com\/en\/#\/schema\/person\/9ef3ab183767062877a72c9c76314980\",\"name\":\"Peru\u0161ko Bogdani\u0107\",\"image\":{\"@type\":\"ImageObject\",\"inLanguage\":\"en-US\",\"@id\":\"https:\/\/peruskobogdanic.com\/en\/#\/schema\/person\/image\/\",\"url\":\"https:\/\/peruskobogdanic.com\/wp-content\/uploads\/2022\/05\/Perusko-Bogdanic-u-atelijeru-Zagreb-1980.jpg\",\"contentUrl\":\"https:\/\/peruskobogdanic.com\/wp-content\/uploads\/2022\/05\/Perusko-Bogdanic-u-atelijeru-Zagreb-1980.jpg\",\"width\":913,\"height\":591,\"caption\":\"Peru\u0161ko Bogdani\u0107\"},\"logo\":{\"@id\":\"https:\/\/peruskobogdanic.com\/en\/#\/schema\/person\/image\/\"},\"sameAs\":[\"https:\/\/peruskobogdanic.com\/\"]}]}<\/script>\n<!-- \/ Yoast SEO plugin. -->","yoast_head_json":{"title":"Gallery on Bankete, Hvar, 1976 - Peru\u0161ko Bogdani\u0107","robots":{"index":"index","follow":"follow","max-snippet":"max-snippet:-1","max-image-preview":"max-image-preview:large","max-video-preview":"max-video-preview:-1"},"canonical":"https:\/\/peruskobogdanic.com\/en\/gallery-on-bankete-hvar-1976\/","og_locale":"en_US","og_type":"article","og_title":"Gallery on Bankete, Hvar, 1976 - Peru\u0161ko Bogdani\u0107","og_description":"Back to Exhibitions Gallery on Bankete, Hvar, 1976 Together with Igor Ron\u010devi\u0107, Kuzmo Kova\u010di\u0107. From the opening of the Dalibor Para\u010d exhibition, Gallery on Bankete, Hvar, 1976 Igor Ron\u010devi\u0107, Kuzma Kova\u010di\u0107, Peru\u0161ko Bogdani\u0107 From the opening of the Ante Kuduza exhibition, Gallery on Bankete, Hvar,...","og_url":"https:\/\/peruskobogdanic.com\/en\/gallery-on-bankete-hvar-1976\/","og_site_name":"Peru\u0161ko Bogdani\u0107","article_modified_time":"2022-11-14T09:45:36+00:00","og_image":[{"width":939,"height":579,"url":"https:\/\/peruskobogdanic.com\/wp-content\/uploads\/2022\/05\/Galerija-na-Bankete-1976.jpg","type":"image\/jpeg"}],"twitter_card":"summary_large_image","twitter_misc":{"Est. reading time":"1 minute"},"schema":{"@context":"https:\/\/schema.org","@graph":[{"@type":"WebPage","@id":"https:\/\/peruskobogdanic.com\/en\/gallery-on-bankete-hvar-1976\/","url":"https:\/\/peruskobogdanic.com\/en\/gallery-on-bankete-hvar-1976\/","name":"Gallery on Bankete, Hvar, 1976 - Peru\u0161ko Bogdani\u0107","isPartOf":{"@id":"https:\/\/peruskobogdanic.com\/en\/#website"},"primaryImageOfPage":{"@id":"https:\/\/peruskobogdanic.com\/en\/gallery-on-bankete-hvar-1976\/#primaryimage"},"image":{"@id":"https:\/\/peruskobogdanic.com\/en\/gallery-on-bankete-hvar-1976\/#primaryimage"},"thumbnailUrl":"https:\/\/peruskobogdanic.com\/wp-content\/uploads\/2022\/05\/Galerija-na-Bankete-1976.jpg","datePublished":"2022-05-21T13:32:32+00:00","dateModified":"2022-11-14T09:45:36+00:00","breadcrumb":{"@id":"https:\/\/peruskobogdanic.com\/en\/gallery-on-bankete-hvar-1976\/#breadcrumb"},"inLanguage":"en-US","potentialAction":[{"@type":"ReadAction","target":["https:\/\/peruskobogdanic.com\/en\/gallery-on-bankete-hvar-1976\/"]}]},{"@type":"ImageObject","inLanguage":"en-US","@id":"https:\/\/peruskobogdanic.com\/en\/gallery-on-bankete-hvar-1976\/#primaryimage","url":"https:\/\/peruskobogdanic.com\/wp-content\/uploads\/2022\/05\/Galerija-na-Bankete-1976.jpg","contentUrl":"https:\/\/peruskobogdanic.com\/wp-content\/uploads\/2022\/05\/Galerija-na-Bankete-1976.jpg","width":939,"height":579},{"@type":"BreadcrumbList","@id":"https:\/\/peruskobogdanic.com\/en\/gallery-on-bankete-hvar-1976\/#breadcrumb","itemListElement":[{"@type":"ListItem","position":1,"name":"Po\u010detna stranica","item":"https:\/\/peruskobogdanic.com\/en\/home\/"},{"@type":"ListItem","position":2,"name":"Gallery on Bankete, Hvar, 1976"}]},{"@type":"WebSite","@id":"https:\/\/peruskobogdanic.com\/en\/#website","url":"https:\/\/peruskobogdanic.com\/en\/","name":"Peru\u0161ko Bogdani\u0107","description":"Kip kao \u010din sabranosti","publisher":{"@id":"https:\/\/peruskobogdanic.com\/en\/#\/schema\/person\/9ef3ab183767062877a72c9c76314980"},"potentialAction":[{"@type":"SearchAction","target":{"@type":"EntryPoint","urlTemplate":"https:\/\/peruskobogdanic.com\/en\/?s={search_term_string}"},"query-input":{"@type":"PropertyValueSpecification","valueRequired":true,"valueName":"search_term_string"}}],"inLanguage":"en-US"},{"@type":["Person","Organization"],"@id":"https:\/\/peruskobogdanic.com\/en\/#\/schema\/person\/9ef3ab183767062877a72c9c76314980","name":"Peru\u0161ko Bogdani\u0107","image":{"@type":"ImageObject","inLanguage":"en-US","@id":"https:\/\/peruskobogdanic.com\/en\/#\/schema\/person\/image\/","url":"https:\/\/peruskobogdanic.com\/wp-content\/uploads\/2022\/05\/Perusko-Bogdanic-u-atelijeru-Zagreb-1980.jpg","contentUrl":"https:\/\/peruskobogdanic.com\/wp-content\/uploads\/2022\/05\/Perusko-Bogdanic-u-atelijeru-Zagreb-1980.jpg","width":913,"height":591,"caption":"Peru\u0161ko Bogdani\u0107"},"logo":{"@id":"https:\/\/peruskobogdanic.com\/en\/#\/schema\/person\/image\/"},"sameAs":["https:\/\/peruskobogdanic.com\/"]}]}},"_links":{"self":[{"href":"https:\/\/peruskobogdanic.com\/en\/wp-json\/wp\/v2\/pages\/2985","targetHints":{"allow":["GET"]}}],"collection":[{"href":"https:\/\/peruskobogdanic.com\/en\/wp-json\/wp\/v2\/pages"}],"about":[{"href":"https:\/\/peruskobogdanic.com\/en\/wp-json\/wp\/v2\/types\/page"}],"author":[{"embeddable":true,"href":"https:\/\/peruskobogdanic.com\/en\/wp-json\/wp\/v2\/users\/1"}],"replies":[{"embeddable":true,"href":"https:\/\/peruskobogdanic.com\/en\/wp-json\/wp\/v2\/comments?post=2985"}],"version-history":[{"count":7,"href":"https:\/\/peruskobogdanic.com\/en\/wp-json\/wp\/v2\/pages\/2985\/revisions"}],"predecessor-version":[{"id":3299,"href":"https:\/\/peruskobogdanic.com\/en\/wp-json\/wp\/v2\/pages\/2985\/revisions\/3299"}],"wp:featuredmedia":[{"embeddable":true,"href":"https:\/\/peruskobogdanic.com\/en\/wp-json\/wp\/v2\/media\/2817"}],"wp:attachment":[{"href":"https:\/\/peruskobogdanic.com\/en\/wp-json\/wp\/v2\/media?parent=2985"}],"curies":[{"name":"wp","href":"https:\/\/api.w.org\/{rel}","templated":true}]}}